{"id":1996,"date":"2023-07-14T14:14:16","date_gmt":"2023-07-14T14:14:16","guid":{"rendered":"https:\/\/sanfacondino.it\/?page_id=1996"},"modified":"2023-07-14T14:39:30","modified_gmt":"2023-07-14T14:39:30","slug":"corteo-storico","status":"publish","type":"page","link":"https:\/\/sanfacondino.it\/index.php\/corteo-storico\/","title":{"rendered":"Corteo Storico"},"content":{"rendered":"\t\t<div data-elementor-type=\"wp-page\" data-elementor-id=\"1996\" class=\"elementor elementor-1996\" data-elementor-post-type=\"page\">\n\t\t\t\t\t\t<section class=\"elementor-section elementor-top-section elementor-element elementor-element-d633f15 elementor-section-full_width elementor-section-height-default elementor-section-height-default\" data-id=\"d633f15\" data-element_type=\"section\" data-e-type=\"section\">\n\t\t\t\t\t\t<div class=\"elementor-container elementor-column-gap-no\">\n\t\t\t\t\t<div class=\"elementor-column elementor-col-100 elementor-top-column elementor-element elementor-element-e0e7de6\" data-id=\"e0e7de6\" data-element_type=\"column\" data-e-type=\"column\">\n\t\t\t<div class=\"elementor-widget-wrap elementor-element-populated\">\n\t\t\t\t\t\t<div class=\"elementor-element elementor-element-dceefdd elementor-widget elementor-widget-oxpins-team\" data-id=\"dceefdd\" data-element_type=\"widget\" data-e-type=\"widget\" data-widget_type=\"oxpins-team.default\">\n\t\t\t\t<div class=\"elementor-widget-container\">\n\t\t\t\t\t\t<!--Team One Start-->\r\n\t<section class=\"team-one\">\r\n\t\t<div class=\"container\">\r\n\t\t\t\t\t\t\t<div class=\"section-title text-center\">\r\n\t\t\t\t\t\t\t\t\t\t\t<span class=\"section-title__tagline\">San Facondino<\/span>\r\n\t\t\t\t\t\t\t\t\t\t\t\t\t\t\t\t<h2 class=\"section-title__title\">Corteo Storico<\/h2>\r\n\t\t\t\t\t\t\t\t\t<\/div>\r\n\t\t\t\t\t\t<div class=\"row\">\r\n\t\t\t\t\t\t\t\t\t\t\t\t\t\t\t\t<\/div>\r\n\t\t<\/div>\r\n\t<\/section>\r\n\t<!--Team One End-->\r\n\t\t\t\t<\/div>\n\t\t\t\t<\/div>\n\t\t\t\t\t<\/div>\n\t\t<\/div>\n\t\t\t\t\t<\/div>\n\t\t<\/section>\n\t\t\t\t<section class=\"elementor-section elementor-top-section elementor-element elementor-element-51009689 elementor-section-boxed elementor-section-height-default elementor-section-height-default\" data-id=\"51009689\" data-element_type=\"section\" data-e-type=\"section\">\n\t\t\t\t\t\t<div class=\"elementor-container elementor-column-gap-default\">\n\t\t\t\t\t<div class=\"elementor-column elementor-col-100 elementor-top-column elementor-element elementor-element-4c13810a\" data-id=\"4c13810a\" data-element_type=\"column\" data-e-type=\"column\">\n\t\t\t<div class=\"elementor-widget-wrap elementor-element-populated\">\n\t\t\t\t\t\t<div class=\"elementor-element elementor-element-1ab57726 elementor-widget elementor-widget-text-editor\" data-id=\"1ab57726\" data-element_type=\"widget\" data-e-type=\"widget\" data-widget_type=\"text-editor.default\">\n\t\t\t\t<div class=\"elementor-widget-container\">\n\t\t\t\t\t\t\t\t\t<p><span style=\"font-weight: 400;\">Da sempre fiore all&#8217;occhiello della Porta \u00e8 il corteo storico, tra i pi\u00f9 ammirati sempre foriero di novit\u00e0 e punto di riferimento dell&#8217;intera manifestazione, attraverso ricerche e interventi di costumisti di prim&#8217;ordine e una squadra di sarte che tutto l&#8217;anno lavora per mettere in campo una sfilata unica.<\/span><\/p><p><span style=\"font-weight: 400;\">\u00a0<\/span><\/p><p><span style=\"font-weight: 400;\">La Magnifica Porta di San Facondino vanta la vittoria di <\/span><b>ben dodici premio \u201cMiglior Corteo Storico\u201d<\/b><span style=\"font-weight: 400;\"> ottenuti nelle edizioni 2003, 2004, 2006, 2007, 2008, 2009, 2010, 2011, 2013, 2014, 2015, 2022.<\/span><\/p><p><span style=\"font-weight: 400;\">\u00a0<\/span><\/p><p><span style=\"font-weight: 400;\">Diversi sono i temi portati in scena da Porta San Facondino nel corso degli anni tra cui \u201cL\u2019eterna partita della Vita e della Morte nel panorama quattrocentesco italiano\u201d, \u201cL\u2019astrologia nel panorama quattrocentesco italiano\u201d, \u201cla Festa dei Folli\u201d, \u201cl\u2019Et\u00e0 dell\u2019Oro\u201d ed infine \u201cBordone e conchiglia: a Santiago sulle orme di Angelo da Casale\u201d.\u00a0<\/span><\/p>\t\t\t\t\t\t\t\t<\/div>\n\t\t\t\t<\/div>\n\t\t\t\t\t<\/div>\n\t\t<\/div>\n\t\t\t\t\t<\/div>\n\t\t<\/section>\n\t\t\t\t<\/div>\n\t\t","protected":false},"excerpt":{"rendered":"<p>San Facondino Corteo Storico Da sempre fiore all&#8217;occhiello della Porta \u00e8 il corteo storico, tra i pi\u00f9 ammirati sempre foriero di novit\u00e0 e punto di riferimento dell&#8217;intera manifestazione, attraverso ricerche e interventi di costumisti di prim&#8217;ordine e una squadra di sarte che tutto l&#8217;anno lavora per mettere in campo una sfilata unica. \u00a0 La Magnifica [&hellip;]<\/p>\n","protected":false},"author":2,"featured_media":0,"parent":0,"menu_order":0,"comment_status":"closed","ping_status":"closed","template":"elementor_header_footer","meta":{"give_campaign_id":0,"inline_featured_image":false,"footnotes":""},"class_list":["post-1996","page","type-page","status-publish","hentry"],"yoast_head":"<!-- This site is optimized with the Yoast SEO plugin v27.4 - https:\/\/yoast.com\/product\/yoast-seo-wordpress\/ -->\n<title>Corteo Storico - Porta San Facondino - Official Web<\/title>\n<meta name=\"robots\" content=\"index, follow, max-snippet:-1, max-image-preview:large, max-video-preview:-1\" \/>\n<link rel=\"canonical\" href=\"https:\/\/sanfacondino.it\/index.php\/corteo-storico\/\" \/>\n<meta property=\"og:locale\" content=\"it_IT\" \/>\n<meta property=\"og:type\" content=\"article\" \/>\n<meta property=\"og:title\" content=\"Corteo Storico - Porta San Facondino - Official Web\" \/>\n<meta property=\"og:description\" content=\"San Facondino Corteo Storico Da sempre fiore all&#8217;occhiello della Porta \u00e8 il corteo storico, tra i pi\u00f9 ammirati sempre foriero di novit\u00e0 e punto di riferimento dell&#8217;intera manifestazione, attraverso ricerche e interventi di costumisti di prim&#8217;ordine e una squadra di sarte che tutto l&#8217;anno lavora per mettere in campo una sfilata unica. \u00a0 La Magnifica [&hellip;]\" \/>\n<meta property=\"og:url\" content=\"https:\/\/sanfacondino.it\/index.php\/corteo-storico\/\" \/>\n<meta property=\"og:site_name\" content=\"Porta San Facondino - Official Web\" \/>\n<meta property=\"article:publisher\" content=\"https:\/\/www.facebook.com\/SanFacondino\" \/>\n<meta property=\"article:modified_time\" content=\"2023-07-14T14:39:30+00:00\" \/>\n<meta name=\"twitter:card\" content=\"summary_large_image\" \/>\n<meta name=\"twitter:label1\" content=\"Tempo di lettura stimato\" \/>\n\t<meta name=\"twitter:data1\" content=\"1 minuto\" \/>\n<script type=\"application\/ld+json\" class=\"yoast-schema-graph\">{\"@context\":\"https:\\\/\\\/schema.org\",\"@graph\":[{\"@type\":\"WebPage\",\"@id\":\"https:\\\/\\\/sanfacondino.it\\\/index.php\\\/corteo-storico\\\/\",\"url\":\"https:\\\/\\\/sanfacondino.it\\\/index.php\\\/corteo-storico\\\/\",\"name\":\"Corteo Storico - Porta San Facondino - Official Web\",\"isPartOf\":{\"@id\":\"https:\\\/\\\/sanfacondino.it\\\/#website\"},\"datePublished\":\"2023-07-14T14:14:16+00:00\",\"dateModified\":\"2023-07-14T14:39:30+00:00\",\"breadcrumb\":{\"@id\":\"https:\\\/\\\/sanfacondino.it\\\/index.php\\\/corteo-storico\\\/#breadcrumb\"},\"inLanguage\":\"it-IT\",\"potentialAction\":[{\"@type\":\"ReadAction\",\"target\":[\"https:\\\/\\\/sanfacondino.it\\\/index.php\\\/corteo-storico\\\/\"]}]},{\"@type\":\"BreadcrumbList\",\"@id\":\"https:\\\/\\\/sanfacondino.it\\\/index.php\\\/corteo-storico\\\/#breadcrumb\",\"itemListElement\":[{\"@type\":\"ListItem\",\"position\":1,\"name\":\"Home\",\"item\":\"https:\\\/\\\/sanfacondino.it\\\/\"},{\"@type\":\"ListItem\",\"position\":2,\"name\":\"Corteo Storico\"}]},{\"@type\":\"WebSite\",\"@id\":\"https:\\\/\\\/sanfacondino.it\\\/#website\",\"url\":\"https:\\\/\\\/sanfacondino.it\\\/\",\"name\":\"Porta San Facondino - Official Web\",\"description\":\"Unico, originale, gualdese.\",\"publisher\":{\"@id\":\"https:\\\/\\\/sanfacondino.it\\\/#organization\"},\"alternateName\":\"Magnifica Porta San Facondino - Official Web\",\"potentialAction\":[{\"@type\":\"SearchAction\",\"target\":{\"@type\":\"EntryPoint\",\"urlTemplate\":\"https:\\\/\\\/sanfacondino.it\\\/?s={search_term_string}\"},\"query-input\":{\"@type\":\"PropertyValueSpecification\",\"valueRequired\":true,\"valueName\":\"search_term_string\"}}],\"inLanguage\":\"it-IT\"},{\"@type\":\"Organization\",\"@id\":\"https:\\\/\\\/sanfacondino.it\\\/#organization\",\"name\":\"Porta San Facondino\",\"url\":\"https:\\\/\\\/sanfacondino.it\\\/\",\"logo\":{\"@type\":\"ImageObject\",\"inLanguage\":\"it-IT\",\"@id\":\"https:\\\/\\\/sanfacondino.it\\\/#\\\/schema\\\/logo\\\/image\\\/\",\"url\":\"https:\\\/\\\/sanfacondino.it\\\/wp-content\\\/uploads\\\/2023\\\/07\\\/cropped-favicon_1.png\",\"contentUrl\":\"https:\\\/\\\/sanfacondino.it\\\/wp-content\\\/uploads\\\/2023\\\/07\\\/cropped-favicon_1.png\",\"width\":512,\"height\":512,\"caption\":\"Porta San Facondino\"},\"image\":{\"@id\":\"https:\\\/\\\/sanfacondino.it\\\/#\\\/schema\\\/logo\\\/image\\\/\"},\"sameAs\":[\"https:\\\/\\\/www.facebook.com\\\/SanFacondino\"]}]}<\/script>\n<!-- \/ Yoast SEO plugin. -->","yoast_head_json":{"title":"Corteo Storico - Porta San Facondino - Official Web","robots":{"index":"index","follow":"follow","max-snippet":"max-snippet:-1","max-image-preview":"max-image-preview:large","max-video-preview":"max-video-preview:-1"},"canonical":"https:\/\/sanfacondino.it\/index.php\/corteo-storico\/","og_locale":"it_IT","og_type":"article","og_title":"Corteo Storico - Porta San Facondino - Official Web","og_description":"San Facondino Corteo Storico Da sempre fiore all&#8217;occhiello della Porta \u00e8 il corteo storico, tra i pi\u00f9 ammirati sempre foriero di novit\u00e0 e punto di riferimento dell&#8217;intera manifestazione, attraverso ricerche e interventi di costumisti di prim&#8217;ordine e una squadra di sarte che tutto l&#8217;anno lavora per mettere in campo una sfilata unica. \u00a0 La Magnifica [&hellip;]","og_url":"https:\/\/sanfacondino.it\/index.php\/corteo-storico\/","og_site_name":"Porta San Facondino - Official Web","article_publisher":"https:\/\/www.facebook.com\/SanFacondino","article_modified_time":"2023-07-14T14:39:30+00:00","twitter_card":"summary_large_image","twitter_misc":{"Tempo di lettura stimato":"1 minuto"},"schema":{"@context":"https:\/\/schema.org","@graph":[{"@type":"WebPage","@id":"https:\/\/sanfacondino.it\/index.php\/corteo-storico\/","url":"https:\/\/sanfacondino.it\/index.php\/corteo-storico\/","name":"Corteo Storico - Porta San Facondino - Official Web","isPartOf":{"@id":"https:\/\/sanfacondino.it\/#website"},"datePublished":"2023-07-14T14:14:16+00:00","dateModified":"2023-07-14T14:39:30+00:00","breadcrumb":{"@id":"https:\/\/sanfacondino.it\/index.php\/corteo-storico\/#breadcrumb"},"inLanguage":"it-IT","potentialAction":[{"@type":"ReadAction","target":["https:\/\/sanfacondino.it\/index.php\/corteo-storico\/"]}]},{"@type":"BreadcrumbList","@id":"https:\/\/sanfacondino.it\/index.php\/corteo-storico\/#breadcrumb","itemListElement":[{"@type":"ListItem","position":1,"name":"Home","item":"https:\/\/sanfacondino.it\/"},{"@type":"ListItem","position":2,"name":"Corteo Storico"}]},{"@type":"WebSite","@id":"https:\/\/sanfacondino.it\/#website","url":"https:\/\/sanfacondino.it\/","name":"Porta San Facondino - Official Web","description":"Unico, originale, gualdese.","publisher":{"@id":"https:\/\/sanfacondino.it\/#organization"},"alternateName":"Magnifica Porta San Facondino - Official Web","potentialAction":[{"@type":"SearchAction","target":{"@type":"EntryPoint","urlTemplate":"https:\/\/sanfacondino.it\/?s={search_term_string}"},"query-input":{"@type":"PropertyValueSpecification","valueRequired":true,"valueName":"search_term_string"}}],"inLanguage":"it-IT"},{"@type":"Organization","@id":"https:\/\/sanfacondino.it\/#organization","name":"Porta San Facondino","url":"https:\/\/sanfacondino.it\/","logo":{"@type":"ImageObject","inLanguage":"it-IT","@id":"https:\/\/sanfacondino.it\/#\/schema\/logo\/image\/","url":"https:\/\/sanfacondino.it\/wp-content\/uploads\/2023\/07\/cropped-favicon_1.png","contentUrl":"https:\/\/sanfacondino.it\/wp-content\/uploads\/2023\/07\/cropped-favicon_1.png","width":512,"height":512,"caption":"Porta San Facondino"},"image":{"@id":"https:\/\/sanfacondino.it\/#\/schema\/logo\/image\/"},"sameAs":["https:\/\/www.facebook.com\/SanFacondino"]}]}},"campaignId":"","_links":{"self":[{"href":"https:\/\/sanfacondino.it\/index.php\/wp-json\/wp\/v2\/pages\/1996","targetHints":{"allow":["GET"]}}],"collection":[{"href":"https:\/\/sanfacondino.it\/index.php\/wp-json\/wp\/v2\/pages"}],"about":[{"href":"https:\/\/sanfacondino.it\/index.php\/wp-json\/wp\/v2\/types\/page"}],"author":[{"embeddable":true,"href":"https:\/\/sanfacondino.it\/index.php\/wp-json\/wp\/v2\/users\/2"}],"replies":[{"embeddable":true,"href":"https:\/\/sanfacondino.it\/index.php\/wp-json\/wp\/v2\/comments?post=1996"}],"version-history":[{"count":4,"href":"https:\/\/sanfacondino.it\/index.php\/wp-json\/wp\/v2\/pages\/1996\/revisions"}],"predecessor-version":[{"id":2033,"href":"https:\/\/sanfacondino.it\/index.php\/wp-json\/wp\/v2\/pages\/1996\/revisions\/2033"}],"wp:attachment":[{"href":"https:\/\/sanfacondino.it\/index.php\/wp-json\/wp\/v2\/media?parent=1996"}],"curies":[{"name":"wp","href":"https:\/\/api.w.org\/{rel}","templated":true}]}}