{"id":1530,"date":"2022-09-06T13:37:06","date_gmt":"2022-09-06T13:37:06","guid":{"rendered":"http:\/\/oxpinsdemo.local\/?page_id=13"},"modified":"2025-07-01T13:32:17","modified_gmt":"2025-07-01T13:32:17","slug":"san-facondino","status":"publish","type":"page","link":"https:\/\/sanfacondino.it\/index.php\/san-facondino\/","title":{"rendered":"San Facondino"},"content":{"rendered":"\t\t<div data-elementor-type=\"wp-page\" data-elementor-id=\"1530\" class=\"elementor elementor-1530\" data-elementor-post-type=\"page\">\n\t\t\t\t\t\t<section class=\"elementor-section elementor-top-section elementor-element elementor-element-44a0833 elementor-section-full_width elementor-section-height-default elementor-section-height-default\" data-id=\"44a0833\" data-element_type=\"section\" data-e-type=\"section\">\n\t\t\t\t\t\t<div class=\"elementor-container elementor-column-gap-no\">\n\t\t\t\t\t<div class=\"elementor-column elementor-col-100 elementor-top-column elementor-element elementor-element-0ac8268\" data-id=\"0ac8268\" data-element_type=\"column\" data-e-type=\"column\">\n\t\t\t<div class=\"elementor-widget-wrap elementor-element-populated\">\n\t\t\t\t\t\t<div class=\"elementor-element elementor-element-06080b0 elementor-widget elementor-widget-oxpins-about\" data-id=\"06080b0\" data-element_type=\"widget\" data-e-type=\"widget\" data-widget_type=\"oxpins-about.default\">\n\t\t\t\t<div class=\"elementor-widget-container\">\n\t\t\t\t\t\t<!--About Four Start-->\r\n\t<section class=\"about-four\">\r\n\t\t<div class=\"container\">\r\n\t\t\t<div class=\"row\">\r\n\t\t\t\t<div class=\"col-xl-6\">\r\n\t\t\t\t\t<div class=\"about-four__left\">\r\n\t\t\t\t\t\t<div class=\"about-four__img-box\">\r\n\t\t\t\t\t\t\t\t\t\t\t\t\t\t\t<div class=\"about-four__img\">\r\n\t\t\t\t\t\t\t\t\t<img decoding=\"async\" src=\"https:\/\/sanfacondino.it\/wp-content\/uploads\/2023\/07\/San_Facondino_particolare_Dipinto_del_sec._XV_nella_chiesa_di_S._Pellegrino_a_Gualdo_Tadino.jpg\" alt=\"\">\r\n\t\t\t\t\t\t\t\t<\/div>\r\n\t\t\t\t\t\t\t\t\t\t\t\t\t\t\t\t\t\t\t\t\t<div class=\"about-four__border\"><\/div>\r\n\t\t\t\t\t\t<\/div>\r\n\t\t\t\t\t<\/div>\r\n\t\t\t\t<\/div>\r\n\t\t\t\t<div class=\"col-xl-6\">\r\n\t\t\t\t\t<div class=\"about-four__right\">\r\n\t\t\t\t\t\t\t\t\t\t\t\t\t<div class=\"section-title text-left\">\r\n\t\t\t\t\t\t\t\t\t\t\t\t\t\t\t\t\t<span class=\"section-title__tagline\">Facondino di Tadino<\/span>\r\n\t\t\t\t\t\t\t\t\t\t\t\t\t\t\t\t\t\t\t\t\t\t\t\t\t<h2 class=\"section-title__title\">Padre della patria di Gualdo Tadino<\/h2>\r\n\t\t\t\t\t\t\t\t\t\t\t\t\t\t\t<\/div>\r\n\t\t\t\t\t\t\t\t\t\t\t\t\t\t\t\t\t\t\t<p class=\"about-four__text\">San Facondino (Tadinum, intorno al 550 \u2013 Tadinum, 28 agosto 607) \u00e8 stato un vescovo romano, vescovo di Tadinum, citt\u00e0 romana sulla Via Flaminia, a 117 miglia da Roma; \u00e8 venerato come santo dalla Chiesa cattolica.\n\nGualdo Tadino gli attribuisce il titolo di \"padre della patria di Gualdo\" (in latino pater patriae Tadinum). Alla sua memoria liturgica \u00e8 collegata quella del suo arcidiacono Gioventino che, come era normalmente in uso in quei tempi, sembra sia stato il suo successore. Gi\u00e0 nell'Alto Medioevo la festa di San Facondino era celebrata il 28 agosto mentre quella di San Gioventino il 2 settembre. La rilevanza della festa era tale che ricorrendo il 28 agosto la data della morte di sant'Agostino, nel territorio tadinate sant'Agostino era ricordato il giorno successivo.<\/p>\r\n\t\t\t\t\t\t\t\t\t\t\t\t\t\t\t\t\t\t\t<ul class=\"list-unstyled about-four__points ml-0\">\r\n\t\t\t\t\t\t\t\t\t\t\t\t\t\t\t<\/ul>\r\n\t\t\t\t\t\t\t\t\t\t\t\t\t\t\t\t\t<\/div>\r\n\t\t\t\t<\/div>\r\n\t\t\t<\/div>\r\n\t\t<\/div>\r\n\t<\/section>\r\n\t<!--About Four End-->\r\n\t\t\t\t<\/div>\n\t\t\t\t<\/div>\n\t\t\t\t\t<\/div>\n\t\t<\/div>\n\t\t\t\t\t<\/div>\n\t\t<\/section>\n\t\t\t\t<section class=\"elementor-section elementor-top-section elementor-element elementor-element-82b0aff elementor-section-full_width elementor-section-height-default elementor-section-height-default\" data-id=\"82b0aff\" data-element_type=\"section\" data-e-type=\"section\">\n\t\t\t\t\t\t<div class=\"elementor-container elementor-column-gap-no\">\n\t\t\t\t\t<div class=\"elementor-column elementor-col-100 elementor-top-column elementor-element elementor-element-0afa06b\" data-id=\"0afa06b\" data-element_type=\"column\" data-e-type=\"column\">\n\t\t\t<div class=\"elementor-widget-wrap elementor-element-populated\">\n\t\t\t\t\t\t<div class=\"elementor-element elementor-element-97170e3 elementor-widget elementor-widget-oxpins-about\" data-id=\"97170e3\" data-element_type=\"widget\" data-e-type=\"widget\" data-widget_type=\"oxpins-about.default\">\n\t\t\t\t<div class=\"elementor-widget-container\">\n\t\t\t\t\t\t<!--About Three Start-->\r\n\t<section class=\"about-three\">\r\n\t\t<div class=\"container\">\r\n\t\t\t<div class=\"row\">\r\n\t\t\t\t<div class=\"col-xl-6\">\r\n\t\t\t\t\t<div class=\"about-three__left\">\r\n\t\t\t\t\t\t\t\t\t\t\t\t\t<div class=\"section-title text-left\">\r\n\t\t\t\t\t\t\t\t\t\t\t\t\t\t\t\t\t<span class=\"section-title__tagline\">Cenni biografici<\/span>\r\n\t\t\t\t\t\t\t\t\t\t\t\t\t\t\t\t\t\t\t\t\t\t\t\t\t<h2 class=\"section-title__title\">Il vescovo eremita<\/h2>\r\n\t\t\t\t\t\t\t\t\t\t\t\t\t\t\t<\/div>\r\n\t\t\t\t\t\t\t\t\t\t\t\t\t\t\t\t\t\t\t<p class=\"about-three__text-1\">Secondo documenti storici e archeologici sarebbe vissuto agli inizi del IV secolo ed \u00e8 nell'elenco dei Vescovi che avevano la sede nel \"Canale\" i quali, pur non andando di persona, con lo scritto approvarono i decreti del Concilio di Sardica del 343.\n\nDi lui sono ricordate le lunghe veglie notturne di preghiera sul Monte Serrasanta, la premura in particolare per i bambini, per i poveri e le vedove e la vigilanza contro le penetrazioni delle dottrine eretiche tra i suoi fedeli.<\/p>\r\n\t\t\t\t\t\t\t\t\t\t\t\t\t\t\t\t\t\t\t<p class=\"about-three__text-2\">Nel 2007 la parrocchia di San Facondino ha deciso di finanziare la pubblicazione del Lezionario di San Facondino, ancora inedito. Si tratta di un antico testo agiografico trecentesco che narra la figura del Vescovo-eremita che oper\u00f2 nell'antica diocesi di Tadino. L'opera \u00e8 stata curata da Maria Cristina Anderlini ed \u00e8 la prima edizione critica del testo, il cui originale \u00e8 oggi conservato nel codice 7853 della Biblioteca Apostolica Vaticana.<\/p>\r\n\t\t\t\t\t\t\t\t\t\t\t\t\t\t\t\t\t<\/div>\r\n\t\t\t\t<\/div>\r\n\t\t\t\t<div class=\"col-xl-6\">\r\n\t\t\t\t\t<div class=\"about-three__right\">\r\n\t\t\t\t\t\t<div class=\"about-three__img-box  wow slideInRight\" data-wow-delay=\"100ms\" data-wow-duration=\"2500ms\">\r\n\t\t\t\t\t\t\t\t\t\t\t\t\t\t\t<div class=\"about-three__img\">\r\n\t\t\t\t\t\t\t\t\t<img decoding=\"async\" src=\"https:\/\/sanfacondino.it\/wp-content\/uploads\/2023\/07\/San_Facondino_particolare_Dipinto_del_sec._XV_nella_chiesa_di_S._Pellegrino_a_Gualdo_Tadino.jpg\" alt=\"\">\r\n\t\t\t\t\t\t\t\t<\/div>\r\n\t\t\t\t\t\t\t\t\t\t\t\t\t\t\t\t\t\t\t\t\t<div class=\"about-three__help\">\r\n\t\t\t\t\t\t\t\t\t\t\t\t\t\t\t\t<div class=\"about-three__help-conten-box\">\r\n\t\t\t\t\t\t\t\t\t<div class=\"about-three__help-count\">\r\n\t\t\t\t\t\t\t\t\t\t<h3 class=\"odometer\" data-count=\"\">00<\/h3>\r\n\t\t\t\t\t\t\t\t\t\t<span class=\"about-three__help-letter\"><\/span>\r\n\t\t\t\t\t\t\t\t\t<\/div>\r\n\t\t\t\t\t\t\t\t\t<p class=\"about-three__help-text\"><\/p>\r\n\t\t\t\t\t\t\t\t<\/div>\r\n\t\t\t\t\t\t\t<\/div>\r\n\t\t\t\t\t\t\t<div class=\"about-three__border\"><\/div>\r\n\t\t\t\t\t\t<\/div>\r\n\t\t\t\t\t<\/div>\r\n\t\t\t\t<\/div>\r\n\t\t\t<\/div>\r\n\t\t<\/div>\r\n\t<\/section>\r\n\t<!--About Three End-->\r\n\t\t\t\t<\/div>\n\t\t\t\t<\/div>\n\t\t\t\t\t<\/div>\n\t\t<\/div>\n\t\t\t\t\t<\/div>\n\t\t<\/section>\n\t\t\t\t<\/div>\n\t\t","protected":false},"excerpt":{"rendered":"<p>Facondino di Tadino Padre della patria di Gualdo Tadino San Facondino (Tadinum, intorno al 550 \u2013 Tadinum, 28 agosto 607) \u00e8 stato un vescovo romano, vescovo di Tadinum, citt\u00e0 romana sulla Via Flaminia, a 117 miglia da Roma; \u00e8 venerato come santo dalla Chiesa cattolica. Gualdo Tadino gli attribuisce il titolo di &#8220;padre della patria [&hellip;]<\/p>\n","protected":false},"author":1,"featured_media":0,"parent":0,"menu_order":0,"comment_status":"closed","ping_status":"closed","template":"elementor_header_footer","meta":{"give_campaign_id":0,"inline_featured_image":false,"footnotes":""},"class_list":["post-1530","page","type-page","status-publish","hentry"],"yoast_head":"<!-- This site is optimized with the Yoast SEO plugin v27.4 - https:\/\/yoast.com\/product\/yoast-seo-wordpress\/ -->\n<title>San Facondino - Porta San Facondino - Official Web<\/title>\n<meta name=\"robots\" content=\"index, follow, max-snippet:-1, max-image-preview:large, max-video-preview:-1\" \/>\n<link rel=\"canonical\" href=\"https:\/\/sanfacondino.it\/index.php\/san-facondino\/\" \/>\n<meta property=\"og:locale\" content=\"it_IT\" \/>\n<meta property=\"og:type\" content=\"article\" \/>\n<meta property=\"og:title\" content=\"San Facondino - Porta San Facondino - Official Web\" \/>\n<meta property=\"og:description\" content=\"Facondino di Tadino Padre della patria di Gualdo Tadino San Facondino (Tadinum, intorno al 550 \u2013 Tadinum, 28 agosto 607) \u00e8 stato un vescovo romano, vescovo di Tadinum, citt\u00e0 romana sulla Via Flaminia, a 117 miglia da Roma; \u00e8 venerato come santo dalla Chiesa cattolica. Gualdo Tadino gli attribuisce il titolo di &#8220;padre della patria [&hellip;]\" \/>\n<meta property=\"og:url\" content=\"https:\/\/sanfacondino.it\/index.php\/san-facondino\/\" \/>\n<meta property=\"og:site_name\" content=\"Porta San Facondino - Official Web\" \/>\n<meta property=\"article:publisher\" content=\"https:\/\/www.facebook.com\/SanFacondino\" \/>\n<meta property=\"article:modified_time\" content=\"2025-07-01T13:32:17+00:00\" \/>\n<meta property=\"og:image\" content=\"https:\/\/sanfacondino.it\/wp-content\/uploads\/2023\/07\/San_Facondino_particolare_Dipinto_del_sec._XV_nella_chiesa_di_S._Pellegrino_a_Gualdo_Tadino.jpg\" \/>\n<meta name=\"twitter:card\" content=\"summary_large_image\" \/>\n<meta name=\"twitter:label1\" content=\"Tempo di lettura stimato\" \/>\n\t<meta name=\"twitter:data1\" content=\"2 minuti\" \/>\n<script type=\"application\/ld+json\" class=\"yoast-schema-graph\">{\"@context\":\"https:\\\/\\\/schema.org\",\"@graph\":[{\"@type\":\"WebPage\",\"@id\":\"https:\\\/\\\/sanfacondino.it\\\/index.php\\\/san-facondino\\\/\",\"url\":\"https:\\\/\\\/sanfacondino.it\\\/index.php\\\/san-facondino\\\/\",\"name\":\"San Facondino - Porta San Facondino - Official Web\",\"isPartOf\":{\"@id\":\"https:\\\/\\\/sanfacondino.it\\\/#website\"},\"primaryImageOfPage\":{\"@id\":\"https:\\\/\\\/sanfacondino.it\\\/index.php\\\/san-facondino\\\/#primaryimage\"},\"image\":{\"@id\":\"https:\\\/\\\/sanfacondino.it\\\/index.php\\\/san-facondino\\\/#primaryimage\"},\"thumbnailUrl\":\"https:\\\/\\\/sanfacondino.it\\\/wp-content\\\/uploads\\\/2023\\\/07\\\/San_Facondino_particolare_Dipinto_del_sec._XV_nella_chiesa_di_S._Pellegrino_a_Gualdo_Tadino.jpg\",\"datePublished\":\"2022-09-06T13:37:06+00:00\",\"dateModified\":\"2025-07-01T13:32:17+00:00\",\"breadcrumb\":{\"@id\":\"https:\\\/\\\/sanfacondino.it\\\/index.php\\\/san-facondino\\\/#breadcrumb\"},\"inLanguage\":\"it-IT\",\"potentialAction\":[{\"@type\":\"ReadAction\",\"target\":[\"https:\\\/\\\/sanfacondino.it\\\/index.php\\\/san-facondino\\\/\"]}]},{\"@type\":\"ImageObject\",\"inLanguage\":\"it-IT\",\"@id\":\"https:\\\/\\\/sanfacondino.it\\\/index.php\\\/san-facondino\\\/#primaryimage\",\"url\":\"https:\\\/\\\/sanfacondino.it\\\/wp-content\\\/uploads\\\/2023\\\/07\\\/San_Facondino_particolare_Dipinto_del_sec._XV_nella_chiesa_di_S._Pellegrino_a_Gualdo_Tadino.jpg\",\"contentUrl\":\"https:\\\/\\\/sanfacondino.it\\\/wp-content\\\/uploads\\\/2023\\\/07\\\/San_Facondino_particolare_Dipinto_del_sec._XV_nella_chiesa_di_S._Pellegrino_a_Gualdo_Tadino.jpg\",\"width\":540,\"height\":720},{\"@type\":\"BreadcrumbList\",\"@id\":\"https:\\\/\\\/sanfacondino.it\\\/index.php\\\/san-facondino\\\/#breadcrumb\",\"itemListElement\":[{\"@type\":\"ListItem\",\"position\":1,\"name\":\"Home\",\"item\":\"https:\\\/\\\/sanfacondino.it\\\/\"},{\"@type\":\"ListItem\",\"position\":2,\"name\":\"San Facondino\"}]},{\"@type\":\"WebSite\",\"@id\":\"https:\\\/\\\/sanfacondino.it\\\/#website\",\"url\":\"https:\\\/\\\/sanfacondino.it\\\/\",\"name\":\"Porta San Facondino - Official Web\",\"description\":\"Unico, originale, gualdese.\",\"publisher\":{\"@id\":\"https:\\\/\\\/sanfacondino.it\\\/#organization\"},\"alternateName\":\"Magnifica Porta San Facondino - Official Web\",\"potentialAction\":[{\"@type\":\"SearchAction\",\"target\":{\"@type\":\"EntryPoint\",\"urlTemplate\":\"https:\\\/\\\/sanfacondino.it\\\/?s={search_term_string}\"},\"query-input\":{\"@type\":\"PropertyValueSpecification\",\"valueRequired\":true,\"valueName\":\"search_term_string\"}}],\"inLanguage\":\"it-IT\"},{\"@type\":\"Organization\",\"@id\":\"https:\\\/\\\/sanfacondino.it\\\/#organization\",\"name\":\"Porta San Facondino\",\"url\":\"https:\\\/\\\/sanfacondino.it\\\/\",\"logo\":{\"@type\":\"ImageObject\",\"inLanguage\":\"it-IT\",\"@id\":\"https:\\\/\\\/sanfacondino.it\\\/#\\\/schema\\\/logo\\\/image\\\/\",\"url\":\"https:\\\/\\\/sanfacondino.it\\\/wp-content\\\/uploads\\\/2023\\\/07\\\/cropped-favicon_1.png\",\"contentUrl\":\"https:\\\/\\\/sanfacondino.it\\\/wp-content\\\/uploads\\\/2023\\\/07\\\/cropped-favicon_1.png\",\"width\":512,\"height\":512,\"caption\":\"Porta San Facondino\"},\"image\":{\"@id\":\"https:\\\/\\\/sanfacondino.it\\\/#\\\/schema\\\/logo\\\/image\\\/\"},\"sameAs\":[\"https:\\\/\\\/www.facebook.com\\\/SanFacondino\"]}]}<\/script>\n<!-- \/ Yoast SEO plugin. -->","yoast_head_json":{"title":"San Facondino - Porta San Facondino - Official Web","robots":{"index":"index","follow":"follow","max-snippet":"max-snippet:-1","max-image-preview":"max-image-preview:large","max-video-preview":"max-video-preview:-1"},"canonical":"https:\/\/sanfacondino.it\/index.php\/san-facondino\/","og_locale":"it_IT","og_type":"article","og_title":"San Facondino - Porta San Facondino - Official Web","og_description":"Facondino di Tadino Padre della patria di Gualdo Tadino San Facondino (Tadinum, intorno al 550 \u2013 Tadinum, 28 agosto 607) \u00e8 stato un vescovo romano, vescovo di Tadinum, citt\u00e0 romana sulla Via Flaminia, a 117 miglia da Roma; \u00e8 venerato come santo dalla Chiesa cattolica. Gualdo Tadino gli attribuisce il titolo di &#8220;padre della patria [&hellip;]","og_url":"https:\/\/sanfacondino.it\/index.php\/san-facondino\/","og_site_name":"Porta San Facondino - Official Web","article_publisher":"https:\/\/www.facebook.com\/SanFacondino","article_modified_time":"2025-07-01T13:32:17+00:00","og_image":[{"url":"https:\/\/sanfacondino.it\/wp-content\/uploads\/2023\/07\/San_Facondino_particolare_Dipinto_del_sec._XV_nella_chiesa_di_S._Pellegrino_a_Gualdo_Tadino.jpg","type":"","width":"","height":""}],"twitter_card":"summary_large_image","twitter_misc":{"Tempo di lettura stimato":"2 minuti"},"schema":{"@context":"https:\/\/schema.org","@graph":[{"@type":"WebPage","@id":"https:\/\/sanfacondino.it\/index.php\/san-facondino\/","url":"https:\/\/sanfacondino.it\/index.php\/san-facondino\/","name":"San Facondino - Porta San Facondino - Official Web","isPartOf":{"@id":"https:\/\/sanfacondino.it\/#website"},"primaryImageOfPage":{"@id":"https:\/\/sanfacondino.it\/index.php\/san-facondino\/#primaryimage"},"image":{"@id":"https:\/\/sanfacondino.it\/index.php\/san-facondino\/#primaryimage"},"thumbnailUrl":"https:\/\/sanfacondino.it\/wp-content\/uploads\/2023\/07\/San_Facondino_particolare_Dipinto_del_sec._XV_nella_chiesa_di_S._Pellegrino_a_Gualdo_Tadino.jpg","datePublished":"2022-09-06T13:37:06+00:00","dateModified":"2025-07-01T13:32:17+00:00","breadcrumb":{"@id":"https:\/\/sanfacondino.it\/index.php\/san-facondino\/#breadcrumb"},"inLanguage":"it-IT","potentialAction":[{"@type":"ReadAction","target":["https:\/\/sanfacondino.it\/index.php\/san-facondino\/"]}]},{"@type":"ImageObject","inLanguage":"it-IT","@id":"https:\/\/sanfacondino.it\/index.php\/san-facondino\/#primaryimage","url":"https:\/\/sanfacondino.it\/wp-content\/uploads\/2023\/07\/San_Facondino_particolare_Dipinto_del_sec._XV_nella_chiesa_di_S._Pellegrino_a_Gualdo_Tadino.jpg","contentUrl":"https:\/\/sanfacondino.it\/wp-content\/uploads\/2023\/07\/San_Facondino_particolare_Dipinto_del_sec._XV_nella_chiesa_di_S._Pellegrino_a_Gualdo_Tadino.jpg","width":540,"height":720},{"@type":"BreadcrumbList","@id":"https:\/\/sanfacondino.it\/index.php\/san-facondino\/#breadcrumb","itemListElement":[{"@type":"ListItem","position":1,"name":"Home","item":"https:\/\/sanfacondino.it\/"},{"@type":"ListItem","position":2,"name":"San Facondino"}]},{"@type":"WebSite","@id":"https:\/\/sanfacondino.it\/#website","url":"https:\/\/sanfacondino.it\/","name":"Porta San Facondino - Official Web","description":"Unico, originale, gualdese.","publisher":{"@id":"https:\/\/sanfacondino.it\/#organization"},"alternateName":"Magnifica Porta San Facondino - Official Web","potentialAction":[{"@type":"SearchAction","target":{"@type":"EntryPoint","urlTemplate":"https:\/\/sanfacondino.it\/?s={search_term_string}"},"query-input":{"@type":"PropertyValueSpecification","valueRequired":true,"valueName":"search_term_string"}}],"inLanguage":"it-IT"},{"@type":"Organization","@id":"https:\/\/sanfacondino.it\/#organization","name":"Porta San Facondino","url":"https:\/\/sanfacondino.it\/","logo":{"@type":"ImageObject","inLanguage":"it-IT","@id":"https:\/\/sanfacondino.it\/#\/schema\/logo\/image\/","url":"https:\/\/sanfacondino.it\/wp-content\/uploads\/2023\/07\/cropped-favicon_1.png","contentUrl":"https:\/\/sanfacondino.it\/wp-content\/uploads\/2023\/07\/cropped-favicon_1.png","width":512,"height":512,"caption":"Porta San Facondino"},"image":{"@id":"https:\/\/sanfacondino.it\/#\/schema\/logo\/image\/"},"sameAs":["https:\/\/www.facebook.com\/SanFacondino"]}]}},"campaignId":"","_links":{"self":[{"href":"https:\/\/sanfacondino.it\/index.php\/wp-json\/wp\/v2\/pages\/1530","targetHints":{"allow":["GET"]}}],"collection":[{"href":"https:\/\/sanfacondino.it\/index.php\/wp-json\/wp\/v2\/pages"}],"about":[{"href":"https:\/\/sanfacondino.it\/index.php\/wp-json\/wp\/v2\/types\/page"}],"author":[{"embeddable":true,"href":"https:\/\/sanfacondino.it\/index.php\/wp-json\/wp\/v2\/users\/1"}],"replies":[{"embeddable":true,"href":"https:\/\/sanfacondino.it\/index.php\/wp-json\/wp\/v2\/comments?post=1530"}],"version-history":[{"count":7,"href":"https:\/\/sanfacondino.it\/index.php\/wp-json\/wp\/v2\/pages\/1530\/revisions"}],"predecessor-version":[{"id":2222,"href":"https:\/\/sanfacondino.it\/index.php\/wp-json\/wp\/v2\/pages\/1530\/revisions\/2222"}],"wp:attachment":[{"href":"https:\/\/sanfacondino.it\/index.php\/wp-json\/wp\/v2\/media?parent=1530"}],"curies":[{"name":"wp","href":"https:\/\/api.w.org\/{rel}","templated":true}]}}